{"id":16,"date":"2022-11-04T14:24:11","date_gmt":"2022-11-04T14:24:11","guid":{"rendered":"https:\/\/sanpanchocifest.com\/?page_id=16"},"modified":"2026-03-07T05:46:03","modified_gmt":"2026-03-07T05:46:03","slug":"equipo","status":"publish","type":"page","link":"https:\/\/sanpanchocifest.com\/en\/el-festival\/equipo\/","title":{"rendered":"Team"},"content":{"rendered":"<div data-elementor-type=\"wp-page\" data-elementor-id=\"16\" class=\"elementor elementor-16\">\n\t\t\t\t\t\t<section class=\"elementor-section elementor-top-section elementor-element elementor-element-3827564 elementor-section-stretched elementor-section-full_width elementor-section-height-min-height elementor-section-height-default elementor-section-items-middle\" data-id=\"3827564\" data-element_type=\"section\" data-e-type=\"section\" data-settings=\"{&quot;stretch_section&quot;:&quot;section-stretched&quot;,&quot;background_background&quot;:&quot;classic&quot;}\">\n\t\t\t\t\t\t<div class=\"elementor-container elementor-column-gap-default\">\n\t\t\t\t\t<div class=\"elementor-column elementor-col-100 elementor-top-column elementor-element elementor-element-3f2ff08\" data-id=\"3f2ff08\" data-element_type=\"column\" data-e-type=\"column\">\n\t\t\t<div class=\"elementor-widget-wrap elementor-element-populated\">\n\t\t\t\t\t\t<div class=\"elementor-element elementor-element-0adcbb5 elementor-widget elementor-widget-heading\" data-id=\"0adcbb5\" data-element_type=\"widget\" data-e-type=\"widget\" data-widget_type=\"heading.default\">\n\t\t\t\t<div class=\"elementor-widget-container\">\n\t\t\t\t\t<h1 class=\"elementor-heading-title elementor-size-default\">Team<\/h1>\t\t\t\t<\/div>\n\t\t\t\t<\/div>\n\t\t\t\t\t<\/div>\n\t\t<\/div>\n\t\t\t\t\t<\/div>\n\t\t<\/section>\n\t\t\t\t<section class=\"elementor-section elementor-top-section elementor-element elementor-element-f90df04 elementor-section-boxed elementor-section-height-default elementor-section-height-default\" data-id=\"f90df04\" data-element_type=\"section\" data-e-type=\"section\">\n\t\t\t\t\t\t<div class=\"elementor-container elementor-column-gap-default\">\n\t\t\t\t\t<div class=\"elementor-column elementor-col-100 elementor-top-column elementor-element elementor-element-8261ecc\" data-id=\"8261ecc\" data-element_type=\"column\" data-e-type=\"column\">\n\t\t\t<div class=\"elementor-widget-wrap elementor-element-populated\">\n\t\t\t\t\t\t<div class=\"elementor-element elementor-element-5904104 elementor-widget elementor-widget-heading\" data-id=\"5904104\" data-element_type=\"widget\" data-e-type=\"widget\" data-widget_type=\"heading.default\">\n\t\t\t\t<div class=\"elementor-widget-container\">\n\t\t\t\t\t<h3 class=\"elementor-heading-title elementor-size-default\">Team<\/h3>\t\t\t\t<\/div>\n\t\t\t\t<\/div>\n\t\t\t\t<div class=\"elementor-element elementor-element-b73d009 elementor-widget elementor-widget-text-editor\" data-id=\"b73d009\" data-element_type=\"widget\" data-e-type=\"widget\" data-widget_type=\"text-editor.default\">\n\t\t\t\t<div class=\"elementor-widget-container\">\n\t\t\t\t\t\t\t\t\t<p><span style=\"font-weight: 400;\">Somos un grupo entusiasta de bailarin@s y gestor@s de las artes y pr\u00e1cticas del movimiento, con diferentes especializaciones y similitudes encontradas en la danza. <\/span><\/p>\t\t\t\t\t\t\t\t<\/div>\n\t\t\t\t<\/div>\n\t\t\t\t\t<\/div>\n\t\t<\/div>\n\t\t\t\t\t<\/div>\n\t\t<\/section>\n\t\t\t\t<section class=\"elementor-section elementor-top-section elementor-element elementor-element-38e2c3b elementor-section-content-top elementor-section-full_width elementor-section-height-default elementor-section-height-default\" data-id=\"38e2c3b\" data-element_type=\"section\" data-e-type=\"section\" data-settings=\"{&quot;background_background&quot;:&quot;classic&quot;}\">\n\t\t\t\t\t\t<div class=\"elementor-container elementor-column-gap-default\">\n\t\t\t\t\t<div class=\"elementor-column elementor-col-50 elementor-top-column elementor-element elementor-element-0df9558\" data-id=\"0df9558\" data-element_type=\"column\" data-e-type=\"column\">\n\t\t\t<div class=\"elementor-widget-wrap elementor-element-populated\">\n\t\t\t\t\t\t<div class=\"elementor-element elementor-element-246d55d elementor-widget elementor-widget-image\" data-id=\"246d55d\" data-element_type=\"widget\" data-e-type=\"widget\" data-widget_type=\"image.default\">\n\t\t\t\t<div class=\"elementor-widget-container\">\n\t\t\t\t\t\t\t\t\t\t\t\t\t\t\t<img fetchpriority=\"high\" decoding=\"async\" width=\"768\" height=\"487\" src=\"https:\/\/i0.wp.com\/sanpanchocifest.com\/wp-content\/uploads\/2023\/11\/viki.jpg?fit=768%2C487&amp;ssl=1\" class=\"attachment-medium_large size-medium_large wp-image-1976\" alt=\"\" srcset=\"https:\/\/i0.wp.com\/sanpanchocifest.com\/wp-content\/uploads\/2023\/11\/viki.jpg?w=1200&amp;ssl=1 1200w, https:\/\/i0.wp.com\/sanpanchocifest.com\/wp-content\/uploads\/2023\/11\/viki.jpg?resize=300%2C190&amp;ssl=1 300w, https:\/\/i0.wp.com\/sanpanchocifest.com\/wp-content\/uploads\/2023\/11\/viki.jpg?resize=1024%2C649&amp;ssl=1 1024w, https:\/\/i0.wp.com\/sanpanchocifest.com\/wp-content\/uploads\/2023\/11\/viki.jpg?resize=768%2C487&amp;ssl=1 768w, https:\/\/i0.wp.com\/sanpanchocifest.com\/wp-content\/uploads\/2023\/11\/viki.jpg?resize=18%2C12&amp;ssl=1 18w, https:\/\/i0.wp.com\/sanpanchocifest.com\/wp-content\/uploads\/2023\/11\/viki.jpg?resize=600%2C381&amp;ssl=1 600w\" sizes=\"(max-width: 768px) 100vw, 768px\" \/>\t\t\t\t\t\t\t\t\t\t\t\t\t\t\t<\/div>\n\t\t\t\t<\/div>\n\t\t\t\t<div class=\"elementor-element elementor-element-348bdc7 elementor-widget elementor-widget-heading\" data-id=\"348bdc7\" data-element_type=\"widget\" data-e-type=\"widget\" data-widget_type=\"heading.default\">\n\t\t\t\t<div class=\"elementor-widget-container\">\n\t\t\t\t\t<h3 class=\"elementor-heading-title elementor-size-default\">Viqui Latini<\/h3>\t\t\t\t<\/div>\n\t\t\t\t<\/div>\n\t\t\t\t<div class=\"elementor-element elementor-element-67c6392 elementor-widget elementor-widget-heading\" data-id=\"67c6392\" data-element_type=\"widget\" data-e-type=\"widget\" data-widget_type=\"heading.default\">\n\t\t\t\t<div class=\"elementor-widget-container\">\n\t\t\t\t\t<h4 class=\"elementor-heading-title elementor-size-default\">CO-PRODUCER<\/h4>\t\t\t\t<\/div>\n\t\t\t\t<\/div>\n\t\t\t\t<div class=\"elementor-element elementor-element-2df3c2e elementor-widget elementor-widget-text-editor\" data-id=\"2df3c2e\" data-element_type=\"widget\" data-e-type=\"widget\" data-widget_type=\"text-editor.default\">\n\t\t\t\t<div class=\"elementor-widget-container\">\n\t\t\t\t\t\t\t\t\t<p>Viqui, a dancer and performer from the south of Buenos Aires, accompanies us in making the festival possible. She has been living in Mexico for more than 12 years, in the state of Nayarit, director of La Bodega Teatro. With her experience in cultural management and art programs, she joins this Contact festival playing as a local.<\/p>\t\t\t\t\t\t\t\t<\/div>\n\t\t\t\t<\/div>\n\t\t\t\t\t<\/div>\n\t\t<\/div>\n\t\t\t\t<div class=\"elementor-column elementor-col-50 elementor-top-column elementor-element elementor-element-9f78066\" data-id=\"9f78066\" data-element_type=\"column\" data-e-type=\"column\">\n\t\t\t<div class=\"elementor-widget-wrap elementor-element-populated\">\n\t\t\t\t\t\t<div class=\"elementor-element elementor-element-8a3e00b elementor-widget__width-initial elementor-widget elementor-widget-image\" data-id=\"8a3e00b\" data-element_type=\"widget\" data-e-type=\"widget\" data-widget_type=\"image.default\">\n\t\t\t\t<div class=\"elementor-widget-container\">\n\t\t\t\t\t\t\t\t\t\t\t\t\t\t\t<img decoding=\"async\" width=\"768\" height=\"769\" src=\"https:\/\/i0.wp.com\/sanpanchocifest.com\/wp-content\/uploads\/2022\/12\/Lele.jpg?fit=768%2C769&amp;ssl=1\" class=\"attachment-medium_large size-medium_large wp-image-1585\" alt=\"\" srcset=\"https:\/\/i0.wp.com\/sanpanchocifest.com\/wp-content\/uploads\/2022\/12\/Lele.jpg?w=846&amp;ssl=1 846w, https:\/\/i0.wp.com\/sanpanchocifest.com\/wp-content\/uploads\/2022\/12\/Lele.jpg?resize=300%2C300&amp;ssl=1 300w, https:\/\/i0.wp.com\/sanpanchocifest.com\/wp-content\/uploads\/2022\/12\/Lele.jpg?resize=150%2C150&amp;ssl=1 150w, https:\/\/i0.wp.com\/sanpanchocifest.com\/wp-content\/uploads\/2022\/12\/Lele.jpg?resize=768%2C769&amp;ssl=1 768w, https:\/\/i0.wp.com\/sanpanchocifest.com\/wp-content\/uploads\/2022\/12\/Lele.jpg?resize=12%2C12&amp;ssl=1 12w\" sizes=\"(max-width: 768px) 100vw, 768px\" \/>\t\t\t\t\t\t\t\t\t\t\t\t\t\t\t<\/div>\n\t\t\t\t<\/div>\n\t\t\t\t<div class=\"elementor-element elementor-element-d58f5c1 elementor-widget elementor-widget-heading\" data-id=\"d58f5c1\" data-element_type=\"widget\" data-e-type=\"widget\" data-widget_type=\"heading.default\">\n\t\t\t\t<div class=\"elementor-widget-container\">\n\t\t\t\t\t<h3 class=\"elementor-heading-title elementor-size-default\">Leandro Alsina (Lele)<\/h3>\t\t\t\t<\/div>\n\t\t\t\t<\/div>\n\t\t\t\t<div class=\"elementor-element elementor-element-e260ba7 elementor-widget elementor-widget-heading\" data-id=\"e260ba7\" data-element_type=\"widget\" data-e-type=\"widget\" data-widget_type=\"heading.default\">\n\t\t\t\t<div class=\"elementor-widget-container\">\n\t\t\t\t\t<h4 class=\"elementor-heading-title elementor-size-default\">GENERAL ORGANIZER<\/h4>\t\t\t\t<\/div>\n\t\t\t\t<\/div>\n\t\t\t\t<div class=\"elementor-element elementor-element-ec43882 elementor-widget elementor-widget-text-editor\" data-id=\"ec43882\" data-element_type=\"widget\" data-e-type=\"widget\" data-widget_type=\"text-editor.default\">\n\t\t\t\t<div class=\"elementor-widget-container\">\n\t\t\t\t\t\t\t\t\t<p>\u00ab Personalmente, me presento, soy Lele, una pieza m\u00e1s espiralando en el ADN del contact,\u00a0<i>\"I come flying, I go flying and along the way I entertain myself\" (TN: popular song lyrics),\u00a0<\/i>como una danza o como la canci\u00f3n. Del sur al norte \u00bfQui\u00e9n me manda a hacer esto?\u00a0Ser\u00e1n\u00a0 l@s dios@s contacter@s una pregunta divina que sobrepasa mi entendimiento y me ofrece la\u00a0 responsabilidad de hacer materia el encuentro. \u00bb<\/p>\t\t\t\t\t\t\t\t<\/div>\n\t\t\t\t<\/div>\n\t\t\t\t\t<\/div>\n\t\t<\/div>\n\t\t\t\t\t<\/div>\n\t\t<\/section>\n\t\t\t\t<\/div>","protected":false},"excerpt":{"rendered":"<p>Equipo Equipo organizador Somos un grupo entusiasta de bailarin@s y gestor@s de las artes y pr\u00e1cticas del movimiento, con diferentes especializaciones y similitudes encontradas en la danza. Viqui Latini Co-productora Haciendo posible el festival nos acompa\u00f1a Viqui, bailarina y performer del sur de Buenos Aires. Radicada hace m\u00e1s de 12 a\u00f1os en M\u00e9xico, en el [&hellip;]<\/p>\n","protected":false},"author":2,"featured_media":0,"parent":9,"menu_order":0,"comment_status":"closed","ping_status":"closed","template":"elementor_header_footer","meta":{"nf_dc_page":"","_monsterinsights_skip_tracking":false,"_monsterinsights_sitenote_active":false,"_monsterinsights_sitenote_note":"","_monsterinsights_sitenote_category":0,"footnotes":""},"class_list":["post-16","page","type-page","status-publish","hentry"],"yoast_head":"<!-- This site is optimized with the Yoast SEO plugin v27.5 - https:\/\/yoast.com\/product\/yoast-seo-wordpress\/ -->\n<title>Equipo - San Pancho Contact Impro Fest<\/title>\n<meta name=\"robots\" content=\"index, follow, max-snippet:-1, max-image-preview:large, max-video-preview:-1\" \/>\n<link rel=\"canonical\" href=\"https:\/\/sanpanchocifest.com\/en\/el-festival\/equipo\/\" \/>\n<meta property=\"og:locale\" content=\"en_US\" \/>\n<meta property=\"og:type\" content=\"article\" \/>\n<meta property=\"og:title\" content=\"Equipo - San Pancho Contact Impro Fest\" \/>\n<meta property=\"og:description\" content=\"Equipo Equipo organizador Somos un grupo entusiasta de bailarin@s y gestor@s de las artes y pr\u00e1cticas del movimiento, con diferentes especializaciones y similitudes encontradas en la danza. Viqui Latini Co-productora Haciendo posible el festival nos acompa\u00f1a Viqui, bailarina y performer del sur de Buenos Aires. Radicada hace m\u00e1s de 12 a\u00f1os en M\u00e9xico, en el [&hellip;]\" \/>\n<meta property=\"og:url\" content=\"https:\/\/sanpanchocifest.com\/en\/el-festival\/equipo\/\" \/>\n<meta property=\"og:site_name\" content=\"San Pancho Contact Impro Fest\" \/>\n<meta property=\"article:modified_time\" content=\"2026-03-07T05:46:03+00:00\" \/>\n<meta property=\"og:image\" content=\"https:\/\/sanpanchocifest.com\/wp-content\/uploads\/2023\/11\/viki-768x487.jpg\" \/>\n<meta name=\"twitter:card\" content=\"summary_large_image\" \/>\n<meta name=\"twitter:label1\" content=\"Est. reading time\" \/>\n\t<meta name=\"twitter:data1\" content=\"1 minute\" \/>\n<script type=\"application\/ld+json\" class=\"yoast-schema-graph\">{\"@context\":\"https:\\\/\\\/schema.org\",\"@graph\":[{\"@type\":\"WebPage\",\"@id\":\"https:\\\/\\\/sanpanchocifest.com\\\/el-festival\\\/equipo\\\/\",\"url\":\"https:\\\/\\\/sanpanchocifest.com\\\/el-festival\\\/equipo\\\/\",\"name\":\"Equipo - San Pancho Contact Impro Fest\",\"isPartOf\":{\"@id\":\"https:\\\/\\\/sanpanchocifest.com\\\/#website\"},\"primaryImageOfPage\":{\"@id\":\"https:\\\/\\\/sanpanchocifest.com\\\/el-festival\\\/equipo\\\/#primaryimage\"},\"image\":{\"@id\":\"https:\\\/\\\/sanpanchocifest.com\\\/el-festival\\\/equipo\\\/#primaryimage\"},\"thumbnailUrl\":\"https:\\\/\\\/sanpanchocifest.com\\\/wp-content\\\/uploads\\\/2023\\\/11\\\/viki-768x487.jpg\",\"datePublished\":\"2022-11-04T14:24:11+00:00\",\"dateModified\":\"2026-03-07T05:46:03+00:00\",\"breadcrumb\":{\"@id\":\"https:\\\/\\\/sanpanchocifest.com\\\/el-festival\\\/equipo\\\/#breadcrumb\"},\"inLanguage\":\"en-US\",\"potentialAction\":[{\"@type\":\"ReadAction\",\"target\":[\"https:\\\/\\\/sanpanchocifest.com\\\/el-festival\\\/equipo\\\/\"]}]},{\"@type\":\"ImageObject\",\"inLanguage\":\"en-US\",\"@id\":\"https:\\\/\\\/sanpanchocifest.com\\\/el-festival\\\/equipo\\\/#primaryimage\",\"url\":\"https:\\\/\\\/sanpanchocifest.com\\\/wp-content\\\/uploads\\\/2023\\\/11\\\/viki-768x487.jpg\",\"contentUrl\":\"https:\\\/\\\/sanpanchocifest.com\\\/wp-content\\\/uploads\\\/2023\\\/11\\\/viki-768x487.jpg\"},{\"@type\":\"BreadcrumbList\",\"@id\":\"https:\\\/\\\/sanpanchocifest.com\\\/el-festival\\\/equipo\\\/#breadcrumb\",\"itemListElement\":[{\"@type\":\"ListItem\",\"position\":1,\"name\":\"Home\",\"item\":\"https:\\\/\\\/sanpanchocifest.com\\\/\"},{\"@type\":\"ListItem\",\"position\":2,\"name\":\"El Festival\",\"item\":\"https:\\\/\\\/sanpanchocifest.com\\\/\"},{\"@type\":\"ListItem\",\"position\":3,\"name\":\"Equipo\"}]},{\"@type\":\"WebSite\",\"@id\":\"https:\\\/\\\/sanpanchocifest.com\\\/#website\",\"url\":\"https:\\\/\\\/sanpanchocifest.com\\\/\",\"name\":\"San Pancho Contact Impro Fest\",\"description\":\" Festival de Contact Improvisation en San Pancho\",\"publisher\":{\"@id\":\"https:\\\/\\\/sanpanchocifest.com\\\/#organization\"},\"potentialAction\":[{\"@type\":\"SearchAction\",\"target\":{\"@type\":\"EntryPoint\",\"urlTemplate\":\"https:\\\/\\\/sanpanchocifest.com\\\/?s={search_term_string}\"},\"query-input\":{\"@type\":\"PropertyValueSpecification\",\"valueRequired\":true,\"valueName\":\"search_term_string\"}}],\"inLanguage\":\"en-US\"},{\"@type\":\"Organization\",\"@id\":\"https:\\\/\\\/sanpanchocifest.com\\\/#organization\",\"name\":\"San Pancho Contact Impro Fest\",\"url\":\"https:\\\/\\\/sanpanchocifest.com\\\/\",\"logo\":{\"@type\":\"ImageObject\",\"inLanguage\":\"en-US\",\"@id\":\"https:\\\/\\\/sanpanchocifest.com\\\/#\\\/schema\\\/logo\\\/image\\\/\",\"url\":\"https:\\\/\\\/i0.wp.com\\\/sanpanchocifest.com\\\/wp-content\\\/uploads\\\/2023\\\/11\\\/logo.jpg?fit=670%2C664&ssl=1\",\"contentUrl\":\"https:\\\/\\\/i0.wp.com\\\/sanpanchocifest.com\\\/wp-content\\\/uploads\\\/2023\\\/11\\\/logo.jpg?fit=670%2C664&ssl=1\",\"width\":670,\"height\":664,\"caption\":\"San Pancho Contact Impro Fest\"},\"image\":{\"@id\":\"https:\\\/\\\/sanpanchocifest.com\\\/#\\\/schema\\\/logo\\\/image\\\/\"}}]}<\/script>\n<!-- \/ Yoast SEO plugin. -->","yoast_head_json":{"title":"Equipo - San Pancho Contact Impro Fest","robots":{"index":"index","follow":"follow","max-snippet":"max-snippet:-1","max-image-preview":"max-image-preview:large","max-video-preview":"max-video-preview:-1"},"canonical":"https:\/\/sanpanchocifest.com\/en\/el-festival\/equipo\/","og_locale":"en_US","og_type":"article","og_title":"Equipo - San Pancho Contact Impro Fest","og_description":"Equipo Equipo organizador Somos un grupo entusiasta de bailarin@s y gestor@s de las artes y pr\u00e1cticas del movimiento, con diferentes especializaciones y similitudes encontradas en la danza. Viqui Latini Co-productora Haciendo posible el festival nos acompa\u00f1a Viqui, bailarina y performer del sur de Buenos Aires. Radicada hace m\u00e1s de 12 a\u00f1os en M\u00e9xico, en el [&hellip;]","og_url":"https:\/\/sanpanchocifest.com\/en\/el-festival\/equipo\/","og_site_name":"San Pancho Contact Impro Fest","article_modified_time":"2026-03-07T05:46:03+00:00","og_image":[{"url":"https:\/\/sanpanchocifest.com\/wp-content\/uploads\/2023\/11\/viki-768x487.jpg","type":"","width":"","height":""}],"twitter_card":"summary_large_image","twitter_misc":{"Est. reading time":"1 minute"},"schema":{"@context":"https:\/\/schema.org","@graph":[{"@type":"WebPage","@id":"https:\/\/sanpanchocifest.com\/el-festival\/equipo\/","url":"https:\/\/sanpanchocifest.com\/el-festival\/equipo\/","name":"Equipo - San Pancho Contact Impro Fest","isPartOf":{"@id":"https:\/\/sanpanchocifest.com\/#website"},"primaryImageOfPage":{"@id":"https:\/\/sanpanchocifest.com\/el-festival\/equipo\/#primaryimage"},"image":{"@id":"https:\/\/sanpanchocifest.com\/el-festival\/equipo\/#primaryimage"},"thumbnailUrl":"https:\/\/sanpanchocifest.com\/wp-content\/uploads\/2023\/11\/viki-768x487.jpg","datePublished":"2022-11-04T14:24:11+00:00","dateModified":"2026-03-07T05:46:03+00:00","breadcrumb":{"@id":"https:\/\/sanpanchocifest.com\/el-festival\/equipo\/#breadcrumb"},"inLanguage":"en-US","potentialAction":[{"@type":"ReadAction","target":["https:\/\/sanpanchocifest.com\/el-festival\/equipo\/"]}]},{"@type":"ImageObject","inLanguage":"en-US","@id":"https:\/\/sanpanchocifest.com\/el-festival\/equipo\/#primaryimage","url":"https:\/\/sanpanchocifest.com\/wp-content\/uploads\/2023\/11\/viki-768x487.jpg","contentUrl":"https:\/\/sanpanchocifest.com\/wp-content\/uploads\/2023\/11\/viki-768x487.jpg"},{"@type":"BreadcrumbList","@id":"https:\/\/sanpanchocifest.com\/el-festival\/equipo\/#breadcrumb","itemListElement":[{"@type":"ListItem","position":1,"name":"Home","item":"https:\/\/sanpanchocifest.com\/"},{"@type":"ListItem","position":2,"name":"El Festival","item":"https:\/\/sanpanchocifest.com\/"},{"@type":"ListItem","position":3,"name":"Equipo"}]},{"@type":"WebSite","@id":"https:\/\/sanpanchocifest.com\/#website","url":"https:\/\/sanpanchocifest.com\/","name":"San Pancho Contact Impro Fest","description":"Festival de Contact Improvisation en San Pancho","publisher":{"@id":"https:\/\/sanpanchocifest.com\/#organization"},"potentialAction":[{"@type":"SearchAction","target":{"@type":"EntryPoint","urlTemplate":"https:\/\/sanpanchocifest.com\/?s={search_term_string}"},"query-input":{"@type":"PropertyValueSpecification","valueRequired":true,"valueName":"search_term_string"}}],"inLanguage":"en-US"},{"@type":"Organization","@id":"https:\/\/sanpanchocifest.com\/#organization","name":"San Pancho Contact Impro Fest","url":"https:\/\/sanpanchocifest.com\/","logo":{"@type":"ImageObject","inLanguage":"en-US","@id":"https:\/\/sanpanchocifest.com\/#\/schema\/logo\/image\/","url":"https:\/\/i0.wp.com\/sanpanchocifest.com\/wp-content\/uploads\/2023\/11\/logo.jpg?fit=670%2C664&ssl=1","contentUrl":"https:\/\/i0.wp.com\/sanpanchocifest.com\/wp-content\/uploads\/2023\/11\/logo.jpg?fit=670%2C664&ssl=1","width":670,"height":664,"caption":"San Pancho Contact Impro Fest"},"image":{"@id":"https:\/\/sanpanchocifest.com\/#\/schema\/logo\/image\/"}}]}},"jetpack_sharing_enabled":true,"_links":{"self":[{"href":"https:\/\/sanpanchocifest.com\/en\/wp-json\/wp\/v2\/pages\/16","targetHints":{"allow":["GET"]}}],"collection":[{"href":"https:\/\/sanpanchocifest.com\/en\/wp-json\/wp\/v2\/pages"}],"about":[{"href":"https:\/\/sanpanchocifest.com\/en\/wp-json\/wp\/v2\/types\/page"}],"author":[{"embeddable":true,"href":"https:\/\/sanpanchocifest.com\/en\/wp-json\/wp\/v2\/users\/2"}],"replies":[{"embeddable":true,"href":"https:\/\/sanpanchocifest.com\/en\/wp-json\/wp\/v2\/comments?post=16"}],"version-history":[{"count":20,"href":"https:\/\/sanpanchocifest.com\/en\/wp-json\/wp\/v2\/pages\/16\/revisions"}],"predecessor-version":[{"id":2847,"href":"https:\/\/sanpanchocifest.com\/en\/wp-json\/wp\/v2\/pages\/16\/revisions\/2847"}],"up":[{"embeddable":true,"href":"https:\/\/sanpanchocifest.com\/en\/wp-json\/wp\/v2\/pages\/9"}],"wp:attachment":[{"href":"https:\/\/sanpanchocifest.com\/en\/wp-json\/wp\/v2\/media?parent=16"}],"curies":[{"name":"wp","href":"https:\/\/api.w.org\/{rel}","templated":true}]}}