{"id":22,"date":"2022-11-04T14:25:47","date_gmt":"2022-11-04T14:25:47","guid":{"rendered":"https:\/\/sanpanchocifest.com\/?page_id=22"},"modified":"2026-03-07T04:23:53","modified_gmt":"2026-03-07T04:23:53","slug":"san-pancho","status":"publish","type":"page","link":"https:\/\/sanpanchocifest.com\/en\/el-festival\/san-pancho\/","title":{"rendered":"San Pancho"},"content":{"rendered":"\t\t<div data-elementor-type=\"wp-page\" data-elementor-id=\"22\" class=\"elementor elementor-22\">\n\t\t\t\t\t\t<section class=\"elementor-section elementor-top-section elementor-element elementor-element-a7c059a elementor-section-stretched elementor-section-height-min-height elementor-section-full_width elementor-section-height-default elementor-section-items-middle\" data-id=\"a7c059a\" data-element_type=\"section\" data-e-type=\"section\" data-settings=\"{&quot;stretch_section&quot;:&quot;section-stretched&quot;,&quot;background_background&quot;:&quot;classic&quot;}\">\n\t\t\t\t\t\t<div class=\"elementor-container elementor-column-gap-default\">\n\t\t\t\t\t<div class=\"elementor-column elementor-col-100 elementor-top-column elementor-element elementor-element-4a522c4\" data-id=\"4a522c4\" data-element_type=\"column\" data-e-type=\"column\">\n\t\t\t<div class=\"elementor-widget-wrap elementor-element-populated\">\n\t\t\t\t\t\t<div class=\"elementor-element elementor-element-512b5fc elementor-widget elementor-widget-heading\" data-id=\"512b5fc\" data-element_type=\"widget\" data-e-type=\"widget\" data-widget_type=\"heading.default\">\n\t\t\t\t<div class=\"elementor-widget-container\">\n\t\t\t\t\t<h1 class=\"elementor-heading-title elementor-size-default\">San Pancho<\/h1>\t\t\t\t<\/div>\n\t\t\t\t<\/div>\n\t\t\t\t\t<\/div>\n\t\t<\/div>\n\t\t\t\t\t<\/div>\n\t\t<\/section>\n\t\t\t\t<section class=\"elementor-section elementor-top-section elementor-element elementor-element-860b42c elementor-section-boxed elementor-section-height-default elementor-section-height-default\" data-id=\"860b42c\" data-element_type=\"section\" data-e-type=\"section\">\n\t\t\t\t\t\t<div class=\"elementor-container elementor-column-gap-default\">\n\t\t\t\t\t<div class=\"elementor-column elementor-col-100 elementor-top-column elementor-element elementor-element-e8de0fd\" data-id=\"e8de0fd\" data-element_type=\"column\" data-e-type=\"column\">\n\t\t\t<div class=\"elementor-widget-wrap elementor-element-populated\">\n\t\t\t\t\t\t<div class=\"elementor-element elementor-element-656b339 elementor-widget elementor-widget-heading\" data-id=\"656b339\" data-element_type=\"widget\" data-e-type=\"widget\" data-widget_type=\"heading.default\">\n\t\t\t\t<div class=\"elementor-widget-container\">\n\t\t\t\t\t<h3 class=\"elementor-heading-title elementor-size-default\">San Pancho, Nayarit\u200b<\/h3>\t\t\t\t<\/div>\n\t\t\t\t<\/div>\n\t\t\t\t<div class=\"elementor-element elementor-element-270c6c9 elementor-widget elementor-widget-text-editor\" data-id=\"270c6c9\" data-element_type=\"widget\" data-e-type=\"widget\" data-widget_type=\"text-editor.default\">\n\t\t\t\t<div class=\"elementor-widget-container\">\n\t\t\t\t\t\t\t\t\t<p dir=\"ltr\" style=\"line-height: 1.38;\">El evento se desarrollar\u00e1 en el pintoresco pueblo de <span style=\"color: var( --e-global-color-text ); font-family: var( --e-global-typography-text-font-family ), Sans-serif; font-size: 1rem;\">San Pancho, un hermoso pueblito de la costa Nayarita.<\/span><\/p>\n\n<p dir=\"ltr\" style=\"line-height: 1.38;\"><span style=\"color: var( --e-global-color-text ); font-family: var( --e-global-typography-text-font-family ), Sans-serif; font-size: 1rem;\">Forma parte de la Bah\u00eda de Banderas, y es hermano de otros pueblos como Sayulita y Lo de Marcos. Todos quedan muy cerquita, podr\u00e1s conocerlos f\u00e1cilmente.\u00a0<\/span><\/p>\n\n<p dir=\"ltr\" style=\"line-height: 1.38\"><span style=\"color: var( --e-global-color-text ); font-family: var( --e-global-typography-text-font-family ), Sans-serif; font-size: 1rem;\">Te recibiremos en un pueblo nombrado como Capital\u00a0 Cultural, con olas para surfear, un estero con verdes lirios frente al mar, pel\u00edcanos y rodeado de selva tropical.\u00a0<\/span><\/p>\n\n<p style=\"font-weight: 400;\">Palmeras y cocos, ballenas, tortugas y delfines, tostadas de mariscos, tacos de pescado, ma\u00edz, mucho ma\u00edz. Viajer@s y locales atra\u00edd@s por la variedad de propuestas culturales. Lo amar\u00e1s y querr\u00e1s volver \ud83d\ude42 M\u00fasica en las noches, barcitos, gente c\u00e1lida con buena onda. Y lo que lo distingue: sus variados centros culturales, actividades esc\u00e9nicas diarias para ni\u00f1@s adolescentes y grandes! Y asociaciones por el cuidado del medioambiente.\u00a0<\/p>\n\n<p style=\"font-weight: 400;\">Como artistas, gestor@s comprometid@s de la hermosa comunidad de San Pancho nos damos a la labor de acercar propuestas a personas con inter\u00e9s en las artes, la cultura, el deporte, el cuidado de la naturaleza y la comunidad.<\/p>\n\n<p style=\"font-weight: 400;\">\u00a1Abogamos por continuar cultivando estos aspectos que son los m\u00e1s bonitos de nuestro pueblo! Por eso te invitamos a que lo conozcas, lo nutras y aportes tu energ\u00eda y danzas a esta costa de sol radiante.<\/p>\t\t\t\t\t\t\t\t<\/div>\n\t\t\t\t<\/div>\n\t\t\t\t\t<\/div>\n\t\t<\/div>\n\t\t\t\t\t<\/div>\n\t\t<\/section>\n\t\t\t\t<section class=\"elementor-section elementor-top-section elementor-element elementor-element-b2edded elementor-section-full_width elementor-section-height-default elementor-section-height-default\" data-id=\"b2edded\" data-element_type=\"section\" data-e-type=\"section\">\n\t\t\t\t\t\t<div class=\"elementor-container elementor-column-gap-default\">\n\t\t\t\t\t<div class=\"elementor-column elementor-col-100 elementor-top-column elementor-element elementor-element-83e2e95\" data-id=\"83e2e95\" data-element_type=\"column\" data-e-type=\"column\">\n\t\t\t<div class=\"elementor-widget-wrap elementor-element-populated\">\n\t\t\t\t\t\t<div class=\"elementor-element elementor-element-829c87c elementor-widget elementor-widget-htmega-google-map-addons\" data-id=\"829c87c\" data-element_type=\"widget\" data-e-type=\"widget\" data-widget_type=\"htmega-google-map-addons.default\">\n\t\t\t\t<div class=\"elementor-widget-container\">\n\t\t\t\t\t            <div class=\"htmega-google-map-inilasije\" >    \n                <div class=\"htmega-google-map-address-\" >\n                    <p><\/p>\n                <\/div>\n                <div class=\"htmega-google-map\" id=\"htmega-google-map-829c87c\" data-mapmarkers=\"[{&quot;latitude&quot;:&quot;23.8103&quot;,&quot;longitude&quot;:&quot;90.4125&quot;,&quot;baloon_text&quot;:&quot;&lt;div class=&#039;htmega-baloon-text elementor-repeater-item-c668c15&#039;&gt;This is &lt;span&gt;Dhaka&lt;\\\/span&gt;&lt;\\\/div&gt;&quot;,&quot;icon&quot;:&quot;&quot;,&quot;baloon_text_fixed&quot;:&quot;no&quot;}]\" data-mapoptions=\"{&quot;zoom&quot;:5,&quot;center&quot;:&quot;San Pancho, Nayarit&quot;}\" data-mapstyle=\"\n\n[{&quot;featureType&quot;:&quot;all&quot;,&quot;elementType&quot;:&quot;geometry.fill&quot;,&quot;stylers&quot;:[{&quot;weight&quot;:&quot;2.00&quot;}]},{&quot;featureType&quot;:&quot;all&quot;,&quot;elementType&quot;:&quot;geometry.stroke&quot;,&quot;stylers&quot;:[{&quot;color&quot;:&quot;#9c9c9c&quot;}]},{&quot;featureType&quot;:&quot;all&quot;,&quot;elementType&quot;:&quot;labels.text&quot;,&quot;stylers&quot;:[{&quot;visibility&quot;:&quot;on&quot;}]},{&quot;featureType&quot;:&quot;landscape&quot;,&quot;elementType&quot;:&quot;all&quot;,&quot;stylers&quot;:[{&quot;color&quot;:&quot;#f2f2f2&quot;}]},{&quot;featureType&quot;:&quot;landscape&quot;,&quot;elementType&quot;:&quot;geometry.fill&quot;,&quot;stylers&quot;:[{&quot;color&quot;:&quot;#ffffff&quot;}]},{&quot;featureType&quot;:&quot;landscape.man_made&quot;,&quot;elementType&quot;:&quot;geometry.fill&quot;,&quot;stylers&quot;:[{&quot;color&quot;:&quot;#ffffff&quot;}]},{&quot;featureType&quot;:&quot;poi&quot;,&quot;elementType&quot;:&quot;all&quot;,&quot;stylers&quot;:[{&quot;visibility&quot;:&quot;off&quot;}]},{&quot;featureType&quot;:&quot;road&quot;,&quot;elementType&quot;:&quot;all&quot;,&quot;stylers&quot;:[{&quot;saturation&quot;:-100},{&quot;lightness&quot;:45}]},{&quot;featureType&quot;:&quot;road&quot;,&quot;elementType&quot;:&quot;geometry.fill&quot;,&quot;stylers&quot;:[{&quot;color&quot;:&quot;#eeeeee&quot;}]},{&quot;featureType&quot;:&quot;road&quot;,&quot;elementType&quot;:&quot;labels.text.fill&quot;,&quot;stylers&quot;:[{&quot;color&quot;:&quot;#7b7b7b&quot;}]},{&quot;featureType&quot;:&quot;road&quot;,&quot;elementType&quot;:&quot;labels.text.stroke&quot;,&quot;stylers&quot;:[{&quot;color&quot;:&quot;#ffffff&quot;}]},{&quot;featureType&quot;:&quot;road.highway&quot;,&quot;elementType&quot;:&quot;all&quot;,&quot;stylers&quot;:[{&quot;visibility&quot;:&quot;simplified&quot;}]},{&quot;featureType&quot;:&quot;road.arterial&quot;,&quot;elementType&quot;:&quot;labels.icon&quot;,&quot;stylers&quot;:[{&quot;visibility&quot;:&quot;off&quot;}]},{&quot;featureType&quot;:&quot;transit&quot;,&quot;elementType&quot;:&quot;all&quot;,&quot;stylers&quot;:[{&quot;visibility&quot;:&quot;off&quot;}]},{&quot;featureType&quot;:&quot;water&quot;,&quot;elementType&quot;:&quot;all&quot;,&quot;stylers&quot;:[{&quot;color&quot;:&quot;#46bcec&quot;},{&quot;visibility&quot;:&quot;on&quot;}]},{&quot;featureType&quot;:&quot;water&quot;,&quot;elementType&quot;:&quot;geometry.fill&quot;,&quot;stylers&quot;:[{&quot;color&quot;:&quot;#c8d7d4&quot;}]},{&quot;featureType&quot;:&quot;water&quot;,&quot;elementType&quot;:&quot;labels.text.fill&quot;,&quot;stylers&quot;:[{&quot;color&quot;:&quot;#070707&quot;}]},{&quot;featureType&quot;:&quot;water&quot;,&quot;elementType&quot;:&quot;labels.text.stroke&quot;,&quot;stylers&quot;:[{&quot;color&quot;:&quot;#ffffff&quot;}]}]\" >&nbsp;<\/div>\n            <\/div>\n\n            \t\t\t\t<\/div>\n\t\t\t\t<\/div>\n\t\t\t\t\t<\/div>\n\t\t<\/div>\n\t\t\t\t\t<\/div>\n\t\t<\/section>\n\t\t\t\t<section class=\"elementor-section elementor-top-section elementor-element elementor-element-00857a8 elementor-section-boxed elementor-section-height-default elementor-section-height-default\" data-id=\"00857a8\" data-element_type=\"section\" data-e-type=\"section\">\n\t\t\t\t\t\t<div class=\"elementor-container elementor-column-gap-default\">\n\t\t\t\t\t<div class=\"elementor-column elementor-col-100 elementor-top-column elementor-element elementor-element-65de484\" data-id=\"65de484\" data-element_type=\"column\" data-e-type=\"column\">\n\t\t\t<div class=\"elementor-widget-wrap\">\n\t\t\t\t\t\t\t<\/div>\n\t\t<\/div>\n\t\t\t\t\t<\/div>\n\t\t<\/section>\n\t\t\t\t<\/div>\n\t\t","protected":false},"excerpt":{"rendered":"<p>San Pancho San Pancho, Nayarit\u200b El evento se desarrollar\u00e1 en el pintoresco pueblo de San Pancho, un hermoso pueblito de la costa Nayarita. Forma parte de la Bah\u00eda de Banderas, y es hermano de otros pueblos como Sayulita y Lo de Marcos. Todos quedan muy cerquita, podr\u00e1s conocerlos f\u00e1cilmente.\u00a0 Te recibiremos en un pueblo nombrado [&hellip;]<\/p>\n","protected":false},"author":2,"featured_media":0,"parent":9,"menu_order":0,"comment_status":"closed","ping_status":"closed","template":"","meta":{"nf_dc_page":"","_monsterinsights_skip_tracking":false,"_monsterinsights_sitenote_active":false,"_monsterinsights_sitenote_note":"","_monsterinsights_sitenote_category":0,"footnotes":""},"class_list":["post-22","page","type-page","status-publish","hentry"],"yoast_head":"<!-- This site is optimized with the Yoast SEO plugin v27.5 - https:\/\/yoast.com\/product\/yoast-seo-wordpress\/ -->\n<title>San Pancho - San Pancho Contact Impro Fest<\/title>\n<meta name=\"robots\" content=\"index, follow, max-snippet:-1, max-image-preview:large, max-video-preview:-1\" \/>\n<link rel=\"canonical\" href=\"https:\/\/sanpanchocifest.com\/en\/el-festival\/san-pancho\/\" \/>\n<meta property=\"og:locale\" content=\"en_US\" \/>\n<meta property=\"og:type\" content=\"article\" \/>\n<meta property=\"og:title\" content=\"San Pancho - San Pancho Contact Impro Fest\" \/>\n<meta property=\"og:description\" content=\"San Pancho San Pancho, Nayarit\u200b El evento se desarrollar\u00e1 en el pintoresco pueblo de San Pancho, un hermoso pueblito de la costa Nayarita. Forma parte de la Bah\u00eda de Banderas, y es hermano de otros pueblos como Sayulita y Lo de Marcos. Todos quedan muy cerquita, podr\u00e1s conocerlos f\u00e1cilmente.\u00a0 Te recibiremos en un pueblo nombrado [&hellip;]\" \/>\n<meta property=\"og:url\" content=\"https:\/\/sanpanchocifest.com\/en\/el-festival\/san-pancho\/\" \/>\n<meta property=\"og:site_name\" content=\"San Pancho Contact Impro Fest\" \/>\n<meta property=\"article:modified_time\" content=\"2026-03-07T04:23:53+00:00\" \/>\n<meta name=\"twitter:card\" content=\"summary_large_image\" \/>\n<meta name=\"twitter:label1\" content=\"Est. reading time\" \/>\n\t<meta name=\"twitter:data1\" content=\"2 minutes\" \/>\n<script type=\"application\/ld+json\" class=\"yoast-schema-graph\">{\"@context\":\"https:\\\/\\\/schema.org\",\"@graph\":[{\"@type\":\"WebPage\",\"@id\":\"https:\\\/\\\/sanpanchocifest.com\\\/el-festival\\\/san-pancho\\\/\",\"url\":\"https:\\\/\\\/sanpanchocifest.com\\\/el-festival\\\/san-pancho\\\/\",\"name\":\"San Pancho - San Pancho Contact Impro Fest\",\"isPartOf\":{\"@id\":\"https:\\\/\\\/sanpanchocifest.com\\\/#website\"},\"datePublished\":\"2022-11-04T14:25:47+00:00\",\"dateModified\":\"2026-03-07T04:23:53+00:00\",\"breadcrumb\":{\"@id\":\"https:\\\/\\\/sanpanchocifest.com\\\/el-festival\\\/san-pancho\\\/#breadcrumb\"},\"inLanguage\":\"en-US\",\"potentialAction\":[{\"@type\":\"ReadAction\",\"target\":[\"https:\\\/\\\/sanpanchocifest.com\\\/el-festival\\\/san-pancho\\\/\"]}]},{\"@type\":\"BreadcrumbList\",\"@id\":\"https:\\\/\\\/sanpanchocifest.com\\\/el-festival\\\/san-pancho\\\/#breadcrumb\",\"itemListElement\":[{\"@type\":\"ListItem\",\"position\":1,\"name\":\"Home\",\"item\":\"https:\\\/\\\/sanpanchocifest.com\\\/\"},{\"@type\":\"ListItem\",\"position\":2,\"name\":\"El Festival\",\"item\":\"https:\\\/\\\/sanpanchocifest.com\\\/\"},{\"@type\":\"ListItem\",\"position\":3,\"name\":\"San Pancho\"}]},{\"@type\":\"WebSite\",\"@id\":\"https:\\\/\\\/sanpanchocifest.com\\\/#website\",\"url\":\"https:\\\/\\\/sanpanchocifest.com\\\/\",\"name\":\"San Pancho Contact Impro Fest\",\"description\":\" Festival de Contact Improvisation en San Pancho\",\"publisher\":{\"@id\":\"https:\\\/\\\/sanpanchocifest.com\\\/#organization\"},\"potentialAction\":[{\"@type\":\"SearchAction\",\"target\":{\"@type\":\"EntryPoint\",\"urlTemplate\":\"https:\\\/\\\/sanpanchocifest.com\\\/?s={search_term_string}\"},\"query-input\":{\"@type\":\"PropertyValueSpecification\",\"valueRequired\":true,\"valueName\":\"search_term_string\"}}],\"inLanguage\":\"en-US\"},{\"@type\":\"Organization\",\"@id\":\"https:\\\/\\\/sanpanchocifest.com\\\/#organization\",\"name\":\"San Pancho Contact Impro Fest\",\"url\":\"https:\\\/\\\/sanpanchocifest.com\\\/\",\"logo\":{\"@type\":\"ImageObject\",\"inLanguage\":\"en-US\",\"@id\":\"https:\\\/\\\/sanpanchocifest.com\\\/#\\\/schema\\\/logo\\\/image\\\/\",\"url\":\"https:\\\/\\\/i0.wp.com\\\/sanpanchocifest.com\\\/wp-content\\\/uploads\\\/2023\\\/11\\\/logo.jpg?fit=670%2C664&ssl=1\",\"contentUrl\":\"https:\\\/\\\/i0.wp.com\\\/sanpanchocifest.com\\\/wp-content\\\/uploads\\\/2023\\\/11\\\/logo.jpg?fit=670%2C664&ssl=1\",\"width\":670,\"height\":664,\"caption\":\"San Pancho Contact Impro Fest\"},\"image\":{\"@id\":\"https:\\\/\\\/sanpanchocifest.com\\\/#\\\/schema\\\/logo\\\/image\\\/\"}}]}<\/script>\n<!-- \/ Yoast SEO plugin. -->","yoast_head_json":{"title":"San Pancho - San Pancho Contact Impro Fest","robots":{"index":"index","follow":"follow","max-snippet":"max-snippet:-1","max-image-preview":"max-image-preview:large","max-video-preview":"max-video-preview:-1"},"canonical":"https:\/\/sanpanchocifest.com\/en\/el-festival\/san-pancho\/","og_locale":"en_US","og_type":"article","og_title":"San Pancho - San Pancho Contact Impro Fest","og_description":"San Pancho San Pancho, Nayarit\u200b El evento se desarrollar\u00e1 en el pintoresco pueblo de San Pancho, un hermoso pueblito de la costa Nayarita. Forma parte de la Bah\u00eda de Banderas, y es hermano de otros pueblos como Sayulita y Lo de Marcos. Todos quedan muy cerquita, podr\u00e1s conocerlos f\u00e1cilmente.\u00a0 Te recibiremos en un pueblo nombrado [&hellip;]","og_url":"https:\/\/sanpanchocifest.com\/en\/el-festival\/san-pancho\/","og_site_name":"San Pancho Contact Impro Fest","article_modified_time":"2026-03-07T04:23:53+00:00","twitter_card":"summary_large_image","twitter_misc":{"Est. reading time":"2 minutes"},"schema":{"@context":"https:\/\/schema.org","@graph":[{"@type":"WebPage","@id":"https:\/\/sanpanchocifest.com\/el-festival\/san-pancho\/","url":"https:\/\/sanpanchocifest.com\/el-festival\/san-pancho\/","name":"San Pancho - San Pancho Contact Impro Fest","isPartOf":{"@id":"https:\/\/sanpanchocifest.com\/#website"},"datePublished":"2022-11-04T14:25:47+00:00","dateModified":"2026-03-07T04:23:53+00:00","breadcrumb":{"@id":"https:\/\/sanpanchocifest.com\/el-festival\/san-pancho\/#breadcrumb"},"inLanguage":"en-US","potentialAction":[{"@type":"ReadAction","target":["https:\/\/sanpanchocifest.com\/el-festival\/san-pancho\/"]}]},{"@type":"BreadcrumbList","@id":"https:\/\/sanpanchocifest.com\/el-festival\/san-pancho\/#breadcrumb","itemListElement":[{"@type":"ListItem","position":1,"name":"Home","item":"https:\/\/sanpanchocifest.com\/"},{"@type":"ListItem","position":2,"name":"El Festival","item":"https:\/\/sanpanchocifest.com\/"},{"@type":"ListItem","position":3,"name":"San Pancho"}]},{"@type":"WebSite","@id":"https:\/\/sanpanchocifest.com\/#website","url":"https:\/\/sanpanchocifest.com\/","name":"San Pancho Contact Impro Fest","description":"Festival de Contact Improvisation en San Pancho","publisher":{"@id":"https:\/\/sanpanchocifest.com\/#organization"},"potentialAction":[{"@type":"SearchAction","target":{"@type":"EntryPoint","urlTemplate":"https:\/\/sanpanchocifest.com\/?s={search_term_string}"},"query-input":{"@type":"PropertyValueSpecification","valueRequired":true,"valueName":"search_term_string"}}],"inLanguage":"en-US"},{"@type":"Organization","@id":"https:\/\/sanpanchocifest.com\/#organization","name":"San Pancho Contact Impro Fest","url":"https:\/\/sanpanchocifest.com\/","logo":{"@type":"ImageObject","inLanguage":"en-US","@id":"https:\/\/sanpanchocifest.com\/#\/schema\/logo\/image\/","url":"https:\/\/i0.wp.com\/sanpanchocifest.com\/wp-content\/uploads\/2023\/11\/logo.jpg?fit=670%2C664&ssl=1","contentUrl":"https:\/\/i0.wp.com\/sanpanchocifest.com\/wp-content\/uploads\/2023\/11\/logo.jpg?fit=670%2C664&ssl=1","width":670,"height":664,"caption":"San Pancho Contact Impro Fest"},"image":{"@id":"https:\/\/sanpanchocifest.com\/#\/schema\/logo\/image\/"}}]}},"jetpack_sharing_enabled":true,"_links":{"self":[{"href":"https:\/\/sanpanchocifest.com\/en\/wp-json\/wp\/v2\/pages\/22","targetHints":{"allow":["GET"]}}],"collection":[{"href":"https:\/\/sanpanchocifest.com\/en\/wp-json\/wp\/v2\/pages"}],"about":[{"href":"https:\/\/sanpanchocifest.com\/en\/wp-json\/wp\/v2\/types\/page"}],"author":[{"embeddable":true,"href":"https:\/\/sanpanchocifest.com\/en\/wp-json\/wp\/v2\/users\/2"}],"replies":[{"embeddable":true,"href":"https:\/\/sanpanchocifest.com\/en\/wp-json\/wp\/v2\/comments?post=22"}],"version-history":[{"count":20,"href":"https:\/\/sanpanchocifest.com\/en\/wp-json\/wp\/v2\/pages\/22\/revisions"}],"predecessor-version":[{"id":2821,"href":"https:\/\/sanpanchocifest.com\/en\/wp-json\/wp\/v2\/pages\/22\/revisions\/2821"}],"up":[{"embeddable":true,"href":"https:\/\/sanpanchocifest.com\/en\/wp-json\/wp\/v2\/pages\/9"}],"wp:attachment":[{"href":"https:\/\/sanpanchocifest.com\/en\/wp-json\/wp\/v2\/media?parent=22"}],"curies":[{"name":"wp","href":"https:\/\/api.w.org\/{rel}","templated":true}]}}