{"id":24,"date":"2022-11-04T14:26:09","date_gmt":"2022-11-04T14:26:09","guid":{"rendered":"https:\/\/sanpanchocifest.com\/?page_id=24"},"modified":"2026-03-07T15:46:31","modified_gmt":"2026-03-07T15:46:31","slug":"inscripcion","status":"publish","type":"page","link":"https:\/\/sanpanchocifest.com\/en\/inscripcion\/","title":{"rendered":"Sign up"},"content":{"rendered":"<div data-elementor-type=\"wp-page\" data-elementor-id=\"24\" class=\"elementor elementor-24\">\n\t\t\t\t\t\t<section class=\"elementor-section elementor-top-section elementor-element elementor-element-b5b6f18 elementor-section-full_width elementor-section-height-min-height elementor-section-height-default elementor-section-items-middle\" data-id=\"b5b6f18\" data-element_type=\"section\" data-e-type=\"section\" data-settings=\"{&quot;background_background&quot;:&quot;classic&quot;}\">\n\t\t\t\t\t\t<div class=\"elementor-container elementor-column-gap-default\">\n\t\t\t\t\t<div class=\"elementor-column elementor-col-100 elementor-top-column elementor-element elementor-element-70af998\" data-id=\"70af998\" data-element_type=\"column\" data-e-type=\"column\" data-settings=\"{&quot;background_background&quot;:&quot;classic&quot;}\">\n\t\t\t<div class=\"elementor-widget-wrap elementor-element-populated\">\n\t\t\t\t\t\t<div class=\"elementor-element elementor-element-7a602c3 elementor-widget-mobile__width-initial elementor-widget elementor-widget-heading\" data-id=\"7a602c3\" data-element_type=\"widget\" data-e-type=\"widget\" data-widget_type=\"heading.default\">\n\t\t\t\t<div class=\"elementor-widget-container\">\n\t\t\t\t\t<h1 class=\"elementor-heading-title elementor-size-default\">inscripci\u00f3n<\/h1>\t\t\t\t<\/div>\n\t\t\t\t<\/div>\n\t\t\t\t\t<\/div>\n\t\t<\/div>\n\t\t\t\t\t<\/div>\n\t\t<\/section>\n\t\t\t\t<section class=\"elementor-section elementor-top-section elementor-element elementor-element-133964f elementor-section-full_width elementor-section-height-default elementor-section-height-default\" data-id=\"133964f\" data-element_type=\"section\" data-e-type=\"section\" data-settings=\"{&quot;background_background&quot;:&quot;classic&quot;}\">\n\t\t\t\t\t\t<div class=\"elementor-container elementor-column-gap-default\">\n\t\t\t\t\t<div class=\"elementor-column elementor-col-100 elementor-top-column elementor-element elementor-element-781c4a2\" data-id=\"781c4a2\" data-element_type=\"column\" data-e-type=\"column\">\n\t\t\t<div class=\"elementor-widget-wrap elementor-element-populated\">\n\t\t\t\t\t\t<div class=\"elementor-element elementor-element-b3f3ea1 elementor-widget elementor-widget-heading\" data-id=\"b3f3ea1\" data-element_type=\"widget\" data-e-type=\"widget\" data-widget_type=\"heading.default\">\n\t\t\t\t<div class=\"elementor-widget-container\">\n\t\t\t\t\t<h2 class=\"elementor-heading-title elementor-size-default\">Nuestra propuesta<\/h2>\t\t\t\t<\/div>\n\t\t\t\t<\/div>\n\t\t\t\t<div class=\"elementor-element elementor-element-aaef549 elementor-align-start elementor-widget__width-auto elementor-icon-list--layout-traditional elementor-list-item-link-full_width elementor-widget elementor-widget-icon-list\" data-id=\"aaef549\" data-element_type=\"widget\" data-e-type=\"widget\" data-widget_type=\"icon-list.default\">\n\t\t\t\t<div class=\"elementor-widget-container\">\n\t\t\t\t\t\t\t<ul class=\"elementor-icon-list-items\">\n\t\t\t\t\t\t\t<li class=\"elementor-icon-list-item\">\n\t\t\t\t\t\t\t\t\t\t\t<span class=\"elementor-icon-list-icon\">\n\t\t\t\t\t\t\t<i aria-hidden=\"true\" class=\"far fa-calendar-alt\"><\/i>\t\t\t\t\t\t<\/span>\n\t\t\t\t\t\t\t\t\t\t<span class=\"elementor-icon-list-text\">5 days<\/span>\n\t\t\t\t\t\t\t\t\t<\/li>\n\t\t\t\t\t\t\t\t<li class=\"elementor-icon-list-item\">\n\t\t\t\t\t\t\t\t\t\t\t<span class=\"elementor-icon-list-icon\">\n\t\t\t\t\t\t\t<i aria-hidden=\"true\" class=\"fas fa-star\"><\/i>\t\t\t\t\t\t<\/span>\n\t\t\t\t\t\t\t\t\t\t<span class=\"elementor-icon-list-text\">21h+ de clase<\/span>\n\t\t\t\t\t\t\t\t\t<\/li>\n\t\t\t\t\t\t\t\t<li class=\"elementor-icon-list-item\">\n\t\t\t\t\t\t\t\t\t\t\t<span class=\"elementor-icon-list-icon\">\n\t\t\t\t\t\t\t<i aria-hidden=\"true\" class=\"fas fa-hand-sparkles\"><\/i>\t\t\t\t\t\t<\/span>\n\t\t\t\t\t\t\t\t\t\t<span class=\"elementor-icon-list-text\">15h+ de jam<\/span>\n\t\t\t\t\t\t\t\t\t<\/li>\n\t\t\t\t\t\t\t\t<li class=\"elementor-icon-list-item\">\n\t\t\t\t\t\t\t\t\t\t\t<span class=\"elementor-icon-list-icon\">\n\t\t\t\t\t\t\t<i aria-hidden=\"true\" class=\"fas fa-theater-masks\"><\/i>\t\t\t\t\t\t<\/span>\n\t\t\t\t\t\t\t\t\t\t<span class=\"elementor-icon-list-text\">Noche de performances<\/span>\n\t\t\t\t\t\t\t\t\t<\/li>\n\t\t\t\t\t\t\t\t<li class=\"elementor-icon-list-item\">\n\t\t\t\t\t\t\t\t\t\t\t<span class=\"elementor-icon-list-icon\">\n\t\t\t\t\t\t\t<i aria-hidden=\"true\" class=\"fas fa-utensils\"><\/i>\t\t\t\t\t\t<\/span>\n\t\t\t\t\t\t\t\t\t\t<span class=\"elementor-icon-list-text\">4 almuerzos vegetarianos<\/span>\n\t\t\t\t\t\t\t\t\t<\/li>\n\t\t\t\t\t\t\t\t<li class=\"elementor-icon-list-item\">\n\t\t\t\t\t\t\t\t\t\t\t<span class=\"elementor-icon-list-icon\">\n\t\t\t\t\t\t\t<i aria-hidden=\"true\" class=\"fas fa-users\"><\/i>\t\t\t\t\t\t<\/span>\n\t\t\t\t\t\t\t\t\t\t<span class=\"elementor-icon-list-text\">50+ Conexiones humanas<\/span>\n\t\t\t\t\t\t\t\t\t<\/li>\n\t\t\t\t\t\t<\/ul>\n\t\t\t\t\t\t<\/div>\n\t\t\t\t<\/div>\n\t\t\t\t<div class=\"elementor-element elementor-element-1fae1a7 elementor-widget__width-inherit elementor-widget elementor-widget-heading\" data-id=\"1fae1a7\" data-element_type=\"widget\" data-e-type=\"widget\" data-widget_type=\"heading.default\">\n\t\t\t\t<div class=\"elementor-widget-container\">\n\t\t\t\t\t<h2 class=\"elementor-heading-title elementor-size-default\">5500 MXN<\/h2>\t\t\t\t<\/div>\n\t\t\t\t<\/div>\n\t\t\t\t<div class=\"elementor-element elementor-element-7671170 elementor-align-center elementor-widget elementor-widget-button\" data-id=\"7671170\" data-element_type=\"widget\" data-e-type=\"widget\" data-widget_type=\"button.default\">\n\t\t\t\t<div class=\"elementor-widget-container\">\n\t\t\t\t\t\t\t\t\t<div class=\"elementor-button-wrapper\">\n\t\t\t\t\t<a class=\"elementor-button elementor-button-link elementor-size-sm elementor-animation-wobble-top\" href=\"https:\/\/sanpanchocifest.com\/en\/inscripcion\/\">\n\t\t\t\t\t\t<span class=\"elementor-button-content-wrapper\">\n\t\t\t\t\t\t\t\t\t<span class=\"elementor-button-text\">Sign up<\/span>\n\t\t\t\t\t<\/span>\n\t\t\t\t\t<\/a>\n\t\t\t\t<\/div>\n\t\t\t\t\t\t\t\t<\/div>\n\t\t\t\t<\/div>\n\t\t\t\t<div class=\"elementor-element elementor-element-d7226ea elementor-widget__width-initial elementor-widget elementor-widget-text-editor\" data-id=\"d7226ea\" data-element_type=\"widget\" data-e-type=\"widget\" data-widget_type=\"text-editor.default\">\n\t\t\t\t<div class=\"elementor-widget-container\">\n\t\t\t\t\t\t\t\t\t<p>Si por alguna raz\u00f3n te haz echado atr\u00e1s o te haz arrepentido de participar o tienes dudas del futuro, antes de 3 meses hasta el evento podemos cancelar tu inscripci\u00f3n y hacer la devoluci\u00f3n de tu pago menos 500 pesos.<\/p><p>Despu\u00e9s de 3 meses hasta el evento, nos quedaremos con 60% de tu pago. Si no lo preguntas, tendr\u00e1s tiempo de volverte a arrepentir y volver a querer participar. Tambi\u00e9n te ofrecemos la opci\u00f3n de traspasarle tu ticket a un amigo.<\/p><p>El dinero y las dudas son amigos inseparables.<\/p>\t\t\t\t\t\t\t\t<\/div>\n\t\t\t\t<\/div>\n\t\t\t\t\t<\/div>\n\t\t<\/div>\n\t\t\t\t\t<\/div>\n\t\t<\/section>\n\t\t\t\t<section class=\"elementor-section elementor-top-section elementor-element elementor-element-026a990 elementor-section-boxed elementor-section-height-default elementor-section-height-default\" data-id=\"026a990\" data-element_type=\"section\" data-e-type=\"section\" data-settings=\"{&quot;background_background&quot;:&quot;classic&quot;}\">\n\t\t\t\t\t\t<div class=\"elementor-container elementor-column-gap-default\">\n\t\t\t\t\t<div class=\"elementor-column elementor-col-100 elementor-top-column elementor-element elementor-element-924c840\" data-id=\"924c840\" data-element_type=\"column\" data-e-type=\"column\">\n\t\t\t<div class=\"elementor-widget-wrap elementor-element-populated\">\n\t\t\t\t\t\t<div class=\"elementor-element elementor-element-14e61e6 elementor-widget elementor-widget-heading\" data-id=\"14e61e6\" data-element_type=\"widget\" data-e-type=\"widget\" data-widget_type=\"heading.default\">\n\t\t\t\t<div class=\"elementor-widget-container\">\n\t\t\t\t\t<h2 class=\"elementor-heading-title elementor-size-default\">Quieres ayudarnos ?<\/h2>\t\t\t\t<\/div>\n\t\t\t\t<\/div>\n\t\t\t\t<div class=\"elementor-element elementor-element-c67592c elementor-widget elementor-widget-text-editor\" data-id=\"c67592c\" data-element_type=\"widget\" data-e-type=\"widget\" data-widget_type=\"text-editor.default\">\n\t\t\t\t<div class=\"elementor-widget-container\">\n\t\t\t\t\t\t\t\t\t<p style=\"text-align: center;\">S\u00ed quieres ser voluntari@ y tener un discuento sobre tu inscripcion, contactanos !\u00a0<\/p>\t\t\t\t\t\t\t\t<\/div>\n\t\t\t\t<\/div>\n\t\t\t\t<div class=\"elementor-element elementor-element-32fee8f elementor-align-center elementor-widget elementor-widget-button\" data-id=\"32fee8f\" data-element_type=\"widget\" data-e-type=\"widget\" data-widget_type=\"button.default\">\n\t\t\t\t<div class=\"elementor-widget-container\">\n\t\t\t\t\t\t\t\t\t<div class=\"elementor-button-wrapper\">\n\t\t\t\t\t<a class=\"elementor-button elementor-button-link elementor-size-sm elementor-animation-wobble-top\" href=\"https:\/\/forms.gle\/Q42QhwjCHESCDdHD8\">\n\t\t\t\t\t\t<span class=\"elementor-button-content-wrapper\">\n\t\t\t\t\t\t\t\t\t<span class=\"elementor-button-text\">aplicar<\/span>\n\t\t\t\t\t<\/span>\n\t\t\t\t\t<\/a>\n\t\t\t\t<\/div>\n\t\t\t\t\t\t\t\t<\/div>\n\t\t\t\t<\/div>\n\t\t\t\t\t<\/div>\n\t\t<\/div>\n\t\t\t\t\t<\/div>\n\t\t<\/section>\n\t\t\t\t<\/div>","protected":false},"excerpt":{"rendered":"<p>inscripci\u00f3n Nuestra propuesta 5 d\u00edas 21h+ de clase 15h+ de jam Noche de performances 4 almuerzos vegetarianos 50+ Conexiones humanas 5500 MXN Inscripci\u00f3n Si por alguna raz\u00f3n te haz echado atr\u00e1s o te haz arrepentido de participar o tienes dudas del futuro, antes de 3 meses hasta el evento podemos cancelar tu inscripci\u00f3n y hacer [&hellip;]<\/p>\n","protected":false},"author":2,"featured_media":0,"parent":0,"menu_order":0,"comment_status":"closed","ping_status":"closed","template":"elementor_header_footer","meta":{"nf_dc_page":"","_monsterinsights_skip_tracking":false,"_monsterinsights_sitenote_active":false,"_monsterinsights_sitenote_note":"","_monsterinsights_sitenote_category":0,"footnotes":""},"class_list":["post-24","page","type-page","status-publish","hentry"],"yoast_head":"<!-- This site is optimized with the Yoast SEO plugin v27.5 - https:\/\/yoast.com\/product\/yoast-seo-wordpress\/ -->\n<title>Inscripci\u00f3n - San Pancho Contact Impro Fest<\/title>\n<meta name=\"robots\" content=\"index, follow, max-snippet:-1, max-image-preview:large, max-video-preview:-1\" \/>\n<link rel=\"canonical\" href=\"https:\/\/sanpanchocifest.com\/en\/inscripcion\/\" \/>\n<meta property=\"og:locale\" content=\"en_US\" \/>\n<meta property=\"og:type\" content=\"article\" \/>\n<meta property=\"og:title\" content=\"Inscripci\u00f3n - San Pancho Contact Impro Fest\" \/>\n<meta property=\"og:description\" content=\"inscripci\u00f3n Nuestra propuesta 5 d\u00edas 21h+ de clase 15h+ de jam Noche de performances 4 almuerzos vegetarianos 50+ Conexiones humanas 5500 MXN Inscripci\u00f3n Si por alguna raz\u00f3n te haz echado atr\u00e1s o te haz arrepentido de participar o tienes dudas del futuro, antes de 3 meses hasta el evento podemos cancelar tu inscripci\u00f3n y hacer [&hellip;]\" \/>\n<meta property=\"og:url\" content=\"https:\/\/sanpanchocifest.com\/en\/inscripcion\/\" \/>\n<meta property=\"og:site_name\" content=\"San Pancho Contact Impro Fest\" \/>\n<meta property=\"article:modified_time\" content=\"2026-03-07T15:46:31+00:00\" \/>\n<meta name=\"twitter:card\" content=\"summary_large_image\" \/>\n<meta name=\"twitter:label1\" content=\"Est. reading time\" \/>\n\t<meta name=\"twitter:data1\" content=\"1 minute\" \/>\n<script type=\"application\/ld+json\" class=\"yoast-schema-graph\">{\"@context\":\"https:\\\/\\\/schema.org\",\"@graph\":[{\"@type\":\"WebPage\",\"@id\":\"https:\\\/\\\/sanpanchocifest.com\\\/inscripcion\\\/\",\"url\":\"https:\\\/\\\/sanpanchocifest.com\\\/inscripcion\\\/\",\"name\":\"Inscripci\u00f3n - San Pancho Contact Impro Fest\",\"isPartOf\":{\"@id\":\"https:\\\/\\\/sanpanchocifest.com\\\/#website\"},\"datePublished\":\"2022-11-04T14:26:09+00:00\",\"dateModified\":\"2026-03-07T15:46:31+00:00\",\"breadcrumb\":{\"@id\":\"https:\\\/\\\/sanpanchocifest.com\\\/inscripcion\\\/#breadcrumb\"},\"inLanguage\":\"en-US\",\"potentialAction\":[{\"@type\":\"ReadAction\",\"target\":[\"https:\\\/\\\/sanpanchocifest.com\\\/inscripcion\\\/\"]}]},{\"@type\":\"BreadcrumbList\",\"@id\":\"https:\\\/\\\/sanpanchocifest.com\\\/inscripcion\\\/#breadcrumb\",\"itemListElement\":[{\"@type\":\"ListItem\",\"position\":1,\"name\":\"Home\",\"item\":\"https:\\\/\\\/sanpanchocifest.com\\\/\"},{\"@type\":\"ListItem\",\"position\":2,\"name\":\"Inscripci\u00f3n\"}]},{\"@type\":\"WebSite\",\"@id\":\"https:\\\/\\\/sanpanchocifest.com\\\/#website\",\"url\":\"https:\\\/\\\/sanpanchocifest.com\\\/\",\"name\":\"San Pancho Contact Impro Fest\",\"description\":\" Festival de Contact Improvisation en San Pancho\",\"publisher\":{\"@id\":\"https:\\\/\\\/sanpanchocifest.com\\\/#organization\"},\"potentialAction\":[{\"@type\":\"SearchAction\",\"target\":{\"@type\":\"EntryPoint\",\"urlTemplate\":\"https:\\\/\\\/sanpanchocifest.com\\\/?s={search_term_string}\"},\"query-input\":{\"@type\":\"PropertyValueSpecification\",\"valueRequired\":true,\"valueName\":\"search_term_string\"}}],\"inLanguage\":\"en-US\"},{\"@type\":\"Organization\",\"@id\":\"https:\\\/\\\/sanpanchocifest.com\\\/#organization\",\"name\":\"San Pancho Contact Impro Fest\",\"url\":\"https:\\\/\\\/sanpanchocifest.com\\\/\",\"logo\":{\"@type\":\"ImageObject\",\"inLanguage\":\"en-US\",\"@id\":\"https:\\\/\\\/sanpanchocifest.com\\\/#\\\/schema\\\/logo\\\/image\\\/\",\"url\":\"https:\\\/\\\/i0.wp.com\\\/sanpanchocifest.com\\\/wp-content\\\/uploads\\\/2023\\\/11\\\/logo.jpg?fit=670%2C664&ssl=1\",\"contentUrl\":\"https:\\\/\\\/i0.wp.com\\\/sanpanchocifest.com\\\/wp-content\\\/uploads\\\/2023\\\/11\\\/logo.jpg?fit=670%2C664&ssl=1\",\"width\":670,\"height\":664,\"caption\":\"San Pancho Contact Impro Fest\"},\"image\":{\"@id\":\"https:\\\/\\\/sanpanchocifest.com\\\/#\\\/schema\\\/logo\\\/image\\\/\"}}]}<\/script>\n<!-- \/ Yoast SEO plugin. -->","yoast_head_json":{"title":"Inscripci\u00f3n - San Pancho Contact Impro Fest","robots":{"index":"index","follow":"follow","max-snippet":"max-snippet:-1","max-image-preview":"max-image-preview:large","max-video-preview":"max-video-preview:-1"},"canonical":"https:\/\/sanpanchocifest.com\/en\/inscripcion\/","og_locale":"en_US","og_type":"article","og_title":"Inscripci\u00f3n - San Pancho Contact Impro Fest","og_description":"inscripci\u00f3n Nuestra propuesta 5 d\u00edas 21h+ de clase 15h+ de jam Noche de performances 4 almuerzos vegetarianos 50+ Conexiones humanas 5500 MXN Inscripci\u00f3n Si por alguna raz\u00f3n te haz echado atr\u00e1s o te haz arrepentido de participar o tienes dudas del futuro, antes de 3 meses hasta el evento podemos cancelar tu inscripci\u00f3n y hacer [&hellip;]","og_url":"https:\/\/sanpanchocifest.com\/en\/inscripcion\/","og_site_name":"San Pancho Contact Impro Fest","article_modified_time":"2026-03-07T15:46:31+00:00","twitter_card":"summary_large_image","twitter_misc":{"Est. reading time":"1 minute"},"schema":{"@context":"https:\/\/schema.org","@graph":[{"@type":"WebPage","@id":"https:\/\/sanpanchocifest.com\/inscripcion\/","url":"https:\/\/sanpanchocifest.com\/inscripcion\/","name":"Inscripci\u00f3n - San Pancho Contact Impro Fest","isPartOf":{"@id":"https:\/\/sanpanchocifest.com\/#website"},"datePublished":"2022-11-04T14:26:09+00:00","dateModified":"2026-03-07T15:46:31+00:00","breadcrumb":{"@id":"https:\/\/sanpanchocifest.com\/inscripcion\/#breadcrumb"},"inLanguage":"en-US","potentialAction":[{"@type":"ReadAction","target":["https:\/\/sanpanchocifest.com\/inscripcion\/"]}]},{"@type":"BreadcrumbList","@id":"https:\/\/sanpanchocifest.com\/inscripcion\/#breadcrumb","itemListElement":[{"@type":"ListItem","position":1,"name":"Home","item":"https:\/\/sanpanchocifest.com\/"},{"@type":"ListItem","position":2,"name":"Inscripci\u00f3n"}]},{"@type":"WebSite","@id":"https:\/\/sanpanchocifest.com\/#website","url":"https:\/\/sanpanchocifest.com\/","name":"San Pancho Contact Impro Fest","description":"Festival de Contact Improvisation en San Pancho","publisher":{"@id":"https:\/\/sanpanchocifest.com\/#organization"},"potentialAction":[{"@type":"SearchAction","target":{"@type":"EntryPoint","urlTemplate":"https:\/\/sanpanchocifest.com\/?s={search_term_string}"},"query-input":{"@type":"PropertyValueSpecification","valueRequired":true,"valueName":"search_term_string"}}],"inLanguage":"en-US"},{"@type":"Organization","@id":"https:\/\/sanpanchocifest.com\/#organization","name":"San Pancho Contact Impro Fest","url":"https:\/\/sanpanchocifest.com\/","logo":{"@type":"ImageObject","inLanguage":"en-US","@id":"https:\/\/sanpanchocifest.com\/#\/schema\/logo\/image\/","url":"https:\/\/i0.wp.com\/sanpanchocifest.com\/wp-content\/uploads\/2023\/11\/logo.jpg?fit=670%2C664&ssl=1","contentUrl":"https:\/\/i0.wp.com\/sanpanchocifest.com\/wp-content\/uploads\/2023\/11\/logo.jpg?fit=670%2C664&ssl=1","width":670,"height":664,"caption":"San Pancho Contact Impro Fest"},"image":{"@id":"https:\/\/sanpanchocifest.com\/#\/schema\/logo\/image\/"}}]}},"jetpack_sharing_enabled":true,"_links":{"self":[{"href":"https:\/\/sanpanchocifest.com\/en\/wp-json\/wp\/v2\/pages\/24","targetHints":{"allow":["GET"]}}],"collection":[{"href":"https:\/\/sanpanchocifest.com\/en\/wp-json\/wp\/v2\/pages"}],"about":[{"href":"https:\/\/sanpanchocifest.com\/en\/wp-json\/wp\/v2\/types\/page"}],"author":[{"embeddable":true,"href":"https:\/\/sanpanchocifest.com\/en\/wp-json\/wp\/v2\/users\/2"}],"replies":[{"embeddable":true,"href":"https:\/\/sanpanchocifest.com\/en\/wp-json\/wp\/v2\/comments?post=24"}],"version-history":[{"count":20,"href":"https:\/\/sanpanchocifest.com\/en\/wp-json\/wp\/v2\/pages\/24\/revisions"}],"predecessor-version":[{"id":2858,"href":"https:\/\/sanpanchocifest.com\/en\/wp-json\/wp\/v2\/pages\/24\/revisions\/2858"}],"wp:attachment":[{"href":"https:\/\/sanpanchocifest.com\/en\/wp-json\/wp\/v2\/media?parent=24"}],"curies":[{"name":"wp","href":"https:\/\/api.w.org\/{rel}","templated":true}]}}